{"id":1062,"date":"2013-09-16T19:06:43","date_gmt":"2013-09-16T19:06:43","guid":{"rendered":"http:\/\/www.fccoheran.ch\/?page_id=1062"},"modified":"2018-09-21T15:36:06","modified_gmt":"2018-09-21T15:36:06","slug":"charte-du-club","status":"publish","type":"page","link":"https:\/\/www.fccoheran.ch\/?page_id=1062","title":{"rendered":"Charte du club"},"content":{"rendered":"<h3 style=\"text-align: left;\" align=\"center\"><span style=\"text-decoration: underline; color: #000000;\"><b>Le respect<\/b><\/span><\/h3>\n<p><b><img loading=\"lazy\" decoding=\"async\" class=\"alignright wp-image-5187\" src=\"http:\/\/www.fccoheran.ch\/wp-content\/uploads\/2013\/09\/chart-junior.png\" alt=\"\" width=\"400\" height=\"410\" srcset=\"https:\/\/www.fccoheran.ch\/wp-content\/uploads\/2013\/09\/chart-junior.png 796w, https:\/\/www.fccoheran.ch\/wp-content\/uploads\/2013\/09\/chart-junior-293x300.png 293w, https:\/\/www.fccoheran.ch\/wp-content\/uploads\/2013\/09\/chart-junior-768x787.png 768w\" sizes=\"auto, (max-width: 400px) 100vw, 400px\" \/><\/b><strong>Le respect est \u00e0 la base de la vie en communaut\u00e9, au sein du FC Coheran, tu le dois :<\/strong><\/p>\n<ul>\n<li>Aux formateurs de ton club et aux formateurs des autres clubs.<\/li>\n<li>Aux dirigeants de ton club ainsi qu\u2019aux dirigeants des clubs que tu rencontres.<\/li>\n<li>Aux arbitres.<\/li>\n<li>Aux joueurs de ton \u00e9quipe ainsi qu\u2019aux joueurs adversaires.<\/li>\n<li>Aux adultes qui t\u2019accompagnent et qui te permettent de pratiquer le football.<\/li>\n<li>A toi-m\u00eame.<\/li>\n<\/ul>\n<h3><span style=\"text-decoration: underline; color: #000000;\"><b>L\u2019attitude et le comportement<\/b><\/span><\/h3>\n<p><strong>En portant le maillot du FC Coheran, tu es son image donc\u00a0:<\/strong><\/p>\n<ul>\n<li>N\u2019oublie jamais que tu portes les couleurs du FC Coheran et que le comportement d\u2019un joueur de ce club doit \u00eatre exemplaire.<\/li>\n<li>Tu aimes arriver dans un vestiaire propre, alors tu fais attention en partant de le laisser en bon \u00e9tat.<\/li>\n<li>Tu prends soin des tenues que le club te donne. Tu porteras les \u00e9quipements qui te sont confi\u00e9s pour les matchs (chaussettes, short, maillot).<\/li>\n<li>Tu pr\u00e9viens tes entraineurs \u00e0 l&rsquo;avance de tes absences lors d\u2019un entra\u00eenement et lors d\u2019un match<\/li>\n<li>Tu respectes les horaires de convocation.<\/li>\n<\/ul>\n<h3><span style=\"text-decoration: underline; color: #000000;\"><b>Le Fair Play<\/b><\/span><\/h3>\n<p><strong>Chaque junior du FC Coheran pratique le foot avec l\u2019esprit fair-play ! Pour cela, chaque joueur doit\u00a0 :<\/strong><\/p>\n<ul>\n<li>Se conformer aux r\u00e8gles et \u00e0 l&rsquo;esprit du football et du sport en g\u00e9n\u00e9ral.<\/li>\n<li>Respecter ses adversaires et ses partenaires.<\/li>\n<li>Accepter les d\u00e9cisions de l&rsquo;arbitre.<\/li>\n<li>Rester digne dans la victoire comme dans la d\u00e9faite.<\/li>\n<li>Aider un copain dans la difficult\u00e9.<\/li>\n<li>Avoir un comportement irr\u00e9prochable sur et en dehors du terrain.<\/li>\n<li>Etre en tenue de footballeur pendant les matches et les entra\u00eenements.<\/li>\n<\/ul>\n<p>&nbsp;<\/p>\n","protected":false},"excerpt":{"rendered":"<p>Le respect Le respect est \u00e0 la base de la vie en communaut\u00e9, au sein du FC Coheran, tu le dois : Aux formateurs de ton club et aux formateurs des autres clubs. Aux dirigeants de ton club ainsi qu\u2019aux dirigeants des clubs que tu rencontres. Aux arbitres. Aux joueurs de ton \u00e9quipe ainsi qu\u2019aux [&hellip;]<\/p>\n","protected":false},"author":2,"featured_media":0,"parent":37,"menu_order":40,"comment_status":"closed","ping_status":"open","template":"full-width-page.php","meta":{"footnotes":""},"class_list":["post-1062","page","type-page","status-publish","hentry"],"_links":{"self":[{"href":"https:\/\/www.fccoheran.ch\/index.php?rest_route=\/wp\/v2\/pages\/1062","targetHints":{"allow":["GET"]}}],"collection":[{"href":"https:\/\/www.fccoheran.ch\/index.php?rest_route=\/wp\/v2\/pages"}],"about":[{"href":"https:\/\/www.fccoheran.ch\/index.php?rest_route=\/wp\/v2\/types\/page"}],"author":[{"embeddable":true,"href":"https:\/\/www.fccoheran.ch\/index.php?rest_route=\/wp\/v2\/users\/2"}],"replies":[{"embeddable":true,"href":"https:\/\/www.fccoheran.ch\/index.php?rest_route=%2Fwp%2Fv2%2Fcomments&post=1062"}],"version-history":[{"count":7,"href":"https:\/\/www.fccoheran.ch\/index.php?rest_route=\/wp\/v2\/pages\/1062\/revisions"}],"predecessor-version":[{"id":5188,"href":"https:\/\/www.fccoheran.ch\/index.php?rest_route=\/wp\/v2\/pages\/1062\/revisions\/5188"}],"up":[{"embeddable":true,"href":"https:\/\/www.fccoheran.ch\/index.php?rest_route=\/wp\/v2\/pages\/37"}],"wp:attachment":[{"href":"https:\/\/www.fccoheran.ch\/index.php?rest_route=%2Fwp%2Fv2%2Fmedia&parent=1062"}],"curies":[{"name":"wp","href":"https:\/\/api.w.org\/{rel}","templated":true}]}}