{"id":17,"date":"2012-05-01T08:37:32","date_gmt":"2012-05-01T08:37:32","guid":{"rendered":"http:\/\/www.fccoheran.ch\/?page_id=17"},"modified":"2025-07-09T17:46:29","modified_gmt":"2025-07-09T17:46:29","slug":"les-equipes","status":"publish","type":"page","link":"https:\/\/www.fccoheran.ch\/?page_id=17","title":{"rendered":"Nos \u00e9quipes"},"content":{"rendered":"<p>Pour la saison 2025-2026, le FC Coheran aligne treize \u00e9quipes ainsi qu&rsquo;une \u00e9cole de foot.<\/p>\n<p>Voici le d\u00e9tail des \u00e9quipes :<\/p>\n<ul>\n<li><span style=\"text-decoration: underline;\"><em><strong>Actif<\/strong><\/em><\/span>\n<ul>\n<li style=\"padding-left: 30px;\">1\u00e8re \u00e9quipe &#8211; 3\u00e8me ligue<\/li>\n<li style=\"padding-left: 30px;\">2\u00e8me \u00e9quipe &#8211; 4\u00e8me ligue<\/li>\n<\/ul>\n<\/li>\n<\/ul>\n<ul>\n<li><span style=\"text-decoration: underline;\"><strong><em>Seniors<\/em><\/strong><\/span>\n<ul>\n<li style=\"padding-left: 30px;\">Seniors +30 Promotion<\/li>\n<li style=\"padding-left: 30px;\">Seniors +40 Promotion\u00a0<\/li>\n<li style=\"padding-left: 30px;\">Seniors +40 R\u00e9gional<\/li>\n<\/ul>\n<\/li>\n<\/ul>\n<ul>\n<li><span style=\"text-decoration: underline;\"><strong><em>Juniors (1er tour saison 2025-2026)<\/em><\/strong><\/span>\n<ul>\n<li style=\"padding-left: 30px;\">Juniors C\u00a0<\/li>\n<li style=\"padding-left: 30px;\">Juniors D9 (2 \u00e9quipes)<\/li>\n<li style=\"padding-left: 30px;\">Juniors D7 (2 \u00e9quipes)<\/li>\n<li style=\"padding-left: 30px;\">Juniors E (3 \u00e9quipes)<\/li>\n<\/ul>\n<\/li>\n<\/ul>\n<p>Lien site ACGF : <a href=\"https:\/\/matchcenter.acgf.ch\/default.aspx?lng=2&amp;&amp;cxxlnus=1&amp;v=906077&amp;bn=0\">FC Coheran_ACGF<\/a><\/p>\n<p><a href=\"https:\/\/www.fccoheran.ch\/wp-content\/uploads\/2023\/08\/Sport-Qualite_AGS_logo_CMJN_club-5-1.jpg\"><img loading=\"lazy\" decoding=\"async\" class=\"wp-image-7275 size-medium aligncenter\" src=\"https:\/\/www.fccoheran.ch\/wp-content\/uploads\/2023\/08\/Sport-Qualite_AGS_logo_CMJN_club-5-1-300x188.jpg\" alt=\"\" width=\"300\" height=\"188\" srcset=\"https:\/\/www.fccoheran.ch\/wp-content\/uploads\/2023\/08\/Sport-Qualite_AGS_logo_CMJN_club-5-1-300x188.jpg 300w, https:\/\/www.fccoheran.ch\/wp-content\/uploads\/2023\/08\/Sport-Qualite_AGS_logo_CMJN_club-5-1-1024x641.jpg 1024w, https:\/\/www.fccoheran.ch\/wp-content\/uploads\/2023\/08\/Sport-Qualite_AGS_logo_CMJN_club-5-1-768x481.jpg 768w, https:\/\/www.fccoheran.ch\/wp-content\/uploads\/2023\/08\/Sport-Qualite_AGS_logo_CMJN_club-5-1.jpg 1243w\" sizes=\"auto, (max-width: 300px) 100vw, 300px\" \/><\/a><\/p>\n\n<div class=\"wp-block-image\">\n<figure class=\"aligncenter size-large\"><a href=\"https:\/\/www.fccoheran.ch\/wp-content\/uploads\/2012\/05\/FDS_logo.jpg\"><img loading=\"lazy\" decoding=\"async\" width=\"1024\" height=\"347\" src=\"https:\/\/www.fccoheran.ch\/wp-content\/uploads\/2012\/05\/FDS_logo-1024x347.jpg\" alt=\"\" class=\"wp-image-6340\" srcset=\"https:\/\/www.fccoheran.ch\/wp-content\/uploads\/2012\/05\/FDS_logo-1024x347.jpg 1024w, https:\/\/www.fccoheran.ch\/wp-content\/uploads\/2012\/05\/FDS_logo-300x102.jpg 300w, https:\/\/www.fccoheran.ch\/wp-content\/uploads\/2012\/05\/FDS_logo-768x260.jpg 768w, https:\/\/www.fccoheran.ch\/wp-content\/uploads\/2012\/05\/FDS_logo.jpg 2000w\" sizes=\"auto, (max-width: 1024px) 100vw, 1024px\" \/><\/a><\/figure>\n<\/div>","protected":false},"excerpt":{"rendered":"<p>Pour la saison 2025-2026, le FC Coheran aligne treize \u00e9quipes ainsi qu&rsquo;une \u00e9cole de foot. Voici le d\u00e9tail des \u00e9quipes : Actif 1\u00e8re \u00e9quipe &#8211; 3\u00e8me ligue 2\u00e8me \u00e9quipe &#8211; 4\u00e8me ligue Seniors Seniors +30 Promotion Seniors +40 Promotion\u00a0 Seniors +40 R\u00e9gional Juniors (1er tour saison 2025-2026) Juniors C\u00a0 Juniors D9 (2 \u00e9quipes) Juniors D7 [&hellip;]<\/p>\n","protected":false},"author":1,"featured_media":0,"parent":0,"menu_order":20,"comment_status":"closed","ping_status":"open","template":"","meta":{"footnotes":""},"class_list":["post-17","page","type-page","status-publish","hentry"],"_links":{"self":[{"href":"https:\/\/www.fccoheran.ch\/index.php?rest_route=\/wp\/v2\/pages\/17","targetHints":{"allow":["GET"]}}],"collection":[{"href":"https:\/\/www.fccoheran.ch\/index.php?rest_route=\/wp\/v2\/pages"}],"about":[{"href":"https:\/\/www.fccoheran.ch\/index.php?rest_route=\/wp\/v2\/types\/page"}],"author":[{"embeddable":true,"href":"https:\/\/www.fccoheran.ch\/index.php?rest_route=\/wp\/v2\/users\/1"}],"replies":[{"embeddable":true,"href":"https:\/\/www.fccoheran.ch\/index.php?rest_route=%2Fwp%2Fv2%2Fcomments&post=17"}],"version-history":[{"count":37,"href":"https:\/\/www.fccoheran.ch\/index.php?rest_route=\/wp\/v2\/pages\/17\/revisions"}],"predecessor-version":[{"id":7502,"href":"https:\/\/www.fccoheran.ch\/index.php?rest_route=\/wp\/v2\/pages\/17\/revisions\/7502"}],"wp:attachment":[{"href":"https:\/\/www.fccoheran.ch\/index.php?rest_route=%2Fwp%2Fv2%2Fmedia&parent=17"}],"curies":[{"name":"wp","href":"https:\/\/api.w.org\/{rel}","templated":true}]}}