{"id":19,"date":"2012-05-01T08:37:55","date_gmt":"2012-05-01T08:37:55","guid":{"rendered":"http:\/\/www.fccoheran.ch\/?page_id=19"},"modified":"2026-04-03T12:44:44","modified_gmt":"2026-04-03T12:44:44","slug":"la-premiere","status":"publish","type":"page","link":"https:\/\/www.fccoheran.ch\/?page_id=19","title":{"rendered":"Actif"},"content":{"rendered":"<ul>\n<li><strong>1\u00e8re \u00e9quipe (3\u00e8me ligue)<\/strong>\n<ul>\n<li>Entraineurs : Yannick Devillers &amp; Logan Pilet<\/li>\n<li>Contact : 079.717.55.58 \/\u00a0<a href=\"mailto:yannickdevillers@hotmail.fr\">yannickdevillers@hotmail.fr<\/a><\/li>\n<li>Jours d\u2019entrainement : mardi &amp; jeudi, 19h30-21h00<\/li>\n<li><a href=\"https:\/\/matchcenter.acgf.ch\/default.aspx?lng=2&amp;&amp;cxxlnus=1&amp;v=906077&amp;bn=0\">Calendrier des matchs &amp; Classement saison 2025-2026<\/a><\/li>\n<\/ul>\n<\/li>\n<\/ul>\n<ul>\n<li><strong>2\u00e8me \u00e9quipe (4\u00e8me ligue)<\/strong>\n<ul>\n<li>Entraineurs : Pierre Savioz \/ Patrick B\u00f6hling<\/li>\n<li>Contact : <a href=\"mailto:contact@fccoheran.ch\">contact@fccoheran.ch\u00a0<\/a><\/li>\n<li>Jours d&rsquo;entrainement : mardi &amp; jeudi : 20h00-21h30<\/li>\n<li><a href=\"https:\/\/matchcenter.acgf.ch\/default.aspx?lng=2&amp;&amp;cxxlnus=1&amp;v=906077&amp;bn=0\">Calendrier des matchs &amp; Classement saison 2025-2026<\/a><\/li>\n<\/ul>\n<\/li>\n<\/ul>\n<p style=\"text-align: center;\">\n<p><a href=\"https:\/\/www.fccoheran.ch\/wp-content\/uploads\/2023\/08\/Sport-Qualite_AGS_logo_CMJN_club-5.jpg\"><img loading=\"lazy\" decoding=\"async\" class=\"alignleft size-medium wp-image-7273 aligncenter\" src=\"https:\/\/www.fccoheran.ch\/wp-content\/uploads\/2023\/08\/Sport-Qualite_AGS_logo_CMJN_club-5-300x188.jpg\" alt=\"\" width=\"300\" height=\"188\" srcset=\"https:\/\/www.fccoheran.ch\/wp-content\/uploads\/2023\/08\/Sport-Qualite_AGS_logo_CMJN_club-5-300x188.jpg 300w, https:\/\/www.fccoheran.ch\/wp-content\/uploads\/2023\/08\/Sport-Qualite_AGS_logo_CMJN_club-5-1024x641.jpg 1024w, https:\/\/www.fccoheran.ch\/wp-content\/uploads\/2023\/08\/Sport-Qualite_AGS_logo_CMJN_club-5-768x481.jpg 768w, https:\/\/www.fccoheran.ch\/wp-content\/uploads\/2023\/08\/Sport-Qualite_AGS_logo_CMJN_club-5.jpg 1243w\" sizes=\"auto, (max-width: 300px) 100vw, 300px\" \/><\/a><\/p>\n","protected":false},"excerpt":{"rendered":"<p>1\u00e8re \u00e9quipe (3\u00e8me ligue) Entraineurs : Yannick Devillers &amp; Logan Pilet Contact : 079.717.55.58 \/\u00a0yannickdevillers@hotmail.fr Jours d\u2019entrainement : mardi &amp; jeudi, 19h30-21h00 Calendrier des matchs &amp; Classement saison 2025-2026 2\u00e8me \u00e9quipe (4\u00e8me ligue) Entraineurs : Pierre Savioz \/ Patrick B\u00f6hling Contact : contact@fccoheran.ch\u00a0 Jours d&rsquo;entrainement : mardi &amp; jeudi : 20h00-21h30 Calendrier des matchs &amp; [&hellip;]<\/p>\n","protected":false},"author":1,"featured_media":0,"parent":17,"menu_order":10,"comment_status":"closed","ping_status":"open","template":"","meta":{"footnotes":""},"class_list":["post-19","page","type-page","status-publish","hentry"],"_links":{"self":[{"href":"https:\/\/www.fccoheran.ch\/index.php?rest_route=\/wp\/v2\/pages\/19","targetHints":{"allow":["GET"]}}],"collection":[{"href":"https:\/\/www.fccoheran.ch\/index.php?rest_route=\/wp\/v2\/pages"}],"about":[{"href":"https:\/\/www.fccoheran.ch\/index.php?rest_route=\/wp\/v2\/types\/page"}],"author":[{"embeddable":true,"href":"https:\/\/www.fccoheran.ch\/index.php?rest_route=\/wp\/v2\/users\/1"}],"replies":[{"embeddable":true,"href":"https:\/\/www.fccoheran.ch\/index.php?rest_route=%2Fwp%2Fv2%2Fcomments&post=19"}],"version-history":[{"count":82,"href":"https:\/\/www.fccoheran.ch\/index.php?rest_route=\/wp\/v2\/pages\/19\/revisions"}],"predecessor-version":[{"id":7544,"href":"https:\/\/www.fccoheran.ch\/index.php?rest_route=\/wp\/v2\/pages\/19\/revisions\/7544"}],"up":[{"embeddable":true,"href":"https:\/\/www.fccoheran.ch\/index.php?rest_route=\/wp\/v2\/pages\/17"}],"wp:attachment":[{"href":"https:\/\/www.fccoheran.ch\/index.php?rest_route=%2Fwp%2Fv2%2Fmedia&parent=19"}],"curies":[{"name":"wp","href":"https:\/\/api.w.org\/{rel}","templated":true}]}}