{"id":37,"date":"2012-05-01T08:40:36","date_gmt":"2012-05-01T08:40:36","guid":{"rendered":"http:\/\/www.fccoheran.ch\/?page_id=37"},"modified":"2025-07-09T17:48:32","modified_gmt":"2025-07-09T17:48:32","slug":"le-club","status":"publish","type":"page","link":"https:\/\/www.fccoheran.ch\/?page_id=37","title":{"rendered":"Le Club"},"content":{"rendered":"<p><strong><a href=\"http:\/\/www.fccoheran.ch\/?page_id=43\">Historique<\/a><\/strong>: Fruit de la fusion entre le FC Hermance et le FC Rapid Ani\u00e8res, le FC Coheran existe officiellement depuis le 1er juillet 2009 et est membre de l&rsquo;Association Cantonale Genevoise de Football (ACGF).\u00a0<a href=\"http:\/\/www.fccoheran.ch\/?page_id=43\">Voir plus de d\u00e9tails<\/a><\/p>\n<p><strong><a href=\"http:\/\/www.fccoheran.ch\/?page_id=39\">Comit\u00e9<\/a><\/strong>: pour la saison 2025-2026, le comit\u00e9 du FC Coheran se compose de quatre personnes. <a href=\"http:\/\/www.fccoheran.ch\/?page_id=39\">Voir plus de d\u00e9tails<\/a><\/p>\n<p><strong><a href=\"http:\/\/www.fccoheran.ch\/?page_id=55\">Objectifs &amp; strat\u00e9gie <\/a><\/strong>: nos axes de travail pour les prochains mois \/ prochaines ann\u00e9es\u00a0<a href=\"http:\/\/www.fccoheran.ch\/?page_id=55\">Voir plus de d\u00e9tails<\/a><\/p>\n<p><strong><a href=\"http:\/\/www.fccoheran.ch\/?page_id=1062\">Charte du club<\/a><\/strong>: le respect, l&rsquo;attitude et le comportement, le fair play.\u00a0<a href=\"http:\/\/www.fccoheran.ch\/?page_id=1062\">Voir plus de d\u00e9tails\u00a0<\/a><\/p>\n<p><strong><a href=\"http:\/\/www.fccoheran.ch\/?page_id=45\">Sponsoring<\/a><\/strong>:\u00a0retrouvez nos diff\u00e9rents sponsors, qui participent \u00e0 la r\u00e9ussite de projet du FC Coheran.\u00a0<a href=\"http:\/\/www.fccoheran.ch\/?page_id=45\">Voir plus de d\u00e9tails<\/a><\/p>\n<p><strong><a href=\"http:\/\/www.fccoheran.ch\/?page_id=5171\">Devenez Partenaire \/ Sponsor<\/a><\/strong>: qui, comment, pourquoi?\u00a0<a href=\"http:\/\/www.fccoheran.ch\/?page_id=5171\">En savoir plus<\/a><\/p>\n<p><strong><a href=\"http:\/\/www.fccoheran.ch\/?page_id=6044\">Club \u00ab\u00a0Rond Central\u00a0\u00bb du FCC<\/a><\/strong> : comment rejoindre ce cercle, <a href=\"http:\/\/www.fccoheran.ch\/?page_id=6044\">en savoir plus<\/a><\/p>\n<p><strong><a href=\"http:\/\/www.fccoheran.ch\/?page_id=41\">Terrain des Tattes<\/a><\/strong>: plan d&rsquo;acc\u00e8s et d\u00e9tails techniques en cliquant\u00a0<a href=\"http:\/\/www.fccoheran.ch\/?page_id=41\">ici\u00a0<\/a><\/p>\n<p><a href=\"http:\/\/www.fccoheran.ch\/?page_id=6046\"><strong>Traquenard Bar<\/strong><\/a>: tous les d\u00e9tails sur nos offres\u00a0en cliquant\u00a0<a href=\"http:\/\/www.fccoheran.ch\/?page_id=6046\">ici\u00a0<\/a><br \/>\n<a href=\"https:\/\/www.fccoheran.ch\/wp-content\/uploads\/2023\/08\/Sport-Qualite_AGS_logo_CMJN_club-5-1.jpg\"><img loading=\"lazy\" decoding=\"async\" class=\"wp-image-7275 size-medium aligncenter\" src=\"https:\/\/www.fccoheran.ch\/wp-content\/uploads\/2023\/08\/Sport-Qualite_AGS_logo_CMJN_club-5-1-300x188.jpg\" alt=\"\" width=\"300\" height=\"188\" srcset=\"https:\/\/www.fccoheran.ch\/wp-content\/uploads\/2023\/08\/Sport-Qualite_AGS_logo_CMJN_club-5-1-300x188.jpg 300w, https:\/\/www.fccoheran.ch\/wp-content\/uploads\/2023\/08\/Sport-Qualite_AGS_logo_CMJN_club-5-1-1024x641.jpg 1024w, https:\/\/www.fccoheran.ch\/wp-content\/uploads\/2023\/08\/Sport-Qualite_AGS_logo_CMJN_club-5-1-768x481.jpg 768w, https:\/\/www.fccoheran.ch\/wp-content\/uploads\/2023\/08\/Sport-Qualite_AGS_logo_CMJN_club-5-1.jpg 1243w\" sizes=\"auto, (max-width: 300px) 100vw, 300px\" \/><\/a><\/p>\n<p><a href=\"https:\/\/fondsdusport.ch\/accueil\/\"><img loading=\"lazy\" decoding=\"async\" class=\"aligncenter wp-image-6340 size-full\" src=\"http:\/\/www.fccoheran.ch\/wp-content\/uploads\/2012\/05\/FDS_logo.jpg\" alt=\"\" width=\"2000\" height=\"677\" srcset=\"https:\/\/www.fccoheran.ch\/wp-content\/uploads\/2012\/05\/FDS_logo.jpg 2000w, https:\/\/www.fccoheran.ch\/wp-content\/uploads\/2012\/05\/FDS_logo-300x102.jpg 300w, https:\/\/www.fccoheran.ch\/wp-content\/uploads\/2012\/05\/FDS_logo-768x260.jpg 768w, https:\/\/www.fccoheran.ch\/wp-content\/uploads\/2012\/05\/FDS_logo-1024x347.jpg 1024w\" sizes=\"auto, (max-width: 2000px) 100vw, 2000px\" \/><\/a><\/p>\n","protected":false},"excerpt":{"rendered":"<p>Historique: Fruit de la fusion entre le FC Hermance et le FC Rapid Ani\u00e8res, le FC Coheran existe officiellement depuis le 1er juillet 2009 et est membre de l&rsquo;Association Cantonale Genevoise de Football (ACGF).\u00a0Voir plus de d\u00e9tails Comit\u00e9: pour la saison 2025-2026, le comit\u00e9 du FC Coheran se compose de quatre personnes. Voir plus de [&hellip;]<\/p>\n","protected":false},"author":1,"featured_media":0,"parent":0,"menu_order":10,"comment_status":"closed","ping_status":"open","template":"","meta":{"footnotes":""},"class_list":["post-37","page","type-page","status-publish","hentry"],"_links":{"self":[{"href":"https:\/\/www.fccoheran.ch\/index.php?rest_route=\/wp\/v2\/pages\/37","targetHints":{"allow":["GET"]}}],"collection":[{"href":"https:\/\/www.fccoheran.ch\/index.php?rest_route=\/wp\/v2\/pages"}],"about":[{"href":"https:\/\/www.fccoheran.ch\/index.php?rest_route=\/wp\/v2\/types\/page"}],"author":[{"embeddable":true,"href":"https:\/\/www.fccoheran.ch\/index.php?rest_route=\/wp\/v2\/users\/1"}],"replies":[{"embeddable":true,"href":"https:\/\/www.fccoheran.ch\/index.php?rest_route=%2Fwp%2Fv2%2Fcomments&post=37"}],"version-history":[{"count":28,"href":"https:\/\/www.fccoheran.ch\/index.php?rest_route=\/wp\/v2\/pages\/37\/revisions"}],"predecessor-version":[{"id":7504,"href":"https:\/\/www.fccoheran.ch\/index.php?rest_route=\/wp\/v2\/pages\/37\/revisions\/7504"}],"wp:attachment":[{"href":"https:\/\/www.fccoheran.ch\/index.php?rest_route=%2Fwp%2Fv2%2Fmedia&parent=37"}],"curies":[{"name":"wp","href":"https:\/\/api.w.org\/{rel}","templated":true}]}}