{"id":39,"date":"2012-05-01T08:40:54","date_gmt":"2012-05-01T08:40:54","guid":{"rendered":"http:\/\/www.fccoheran.ch\/?page_id=39"},"modified":"2025-08-04T16:49:44","modified_gmt":"2025-08-04T16:49:44","slug":"comite","status":"publish","type":"page","link":"https:\/\/www.fccoheran.ch\/?page_id=39","title":{"rendered":"Comit\u00e9"},"content":{"rendered":"<p>Pour la saison 2025-2026, le comit\u00e9 du FC Coheran se compose des personnes suivante, qui s\u2019occupent de toutes les t\u00e2ches administratives et sportives du club.<\/p>\n<p>Le comit\u00e9 se r\u00e9unit une fois par mois le mardi soir de 21h00 \u00e0 22h30 au stade des Tattes \u00e0 Hermance.<\/p>\n<p>Vous trouverez ci-dessous les contacts de chaque membre du comit\u00e9.<\/p>\n<ul>\n<li><strong>Pr\u00e9sident<\/strong><\/li>\n<\/ul>\n<p style=\"padding-left: 30px;\">Patrick B\u00f6hling (076.376.70.96 \/ <a href=\"mailto:patrick.bohling@fccoheran.ch\">patrick.bohling@fccoheran.ch<\/a>)<\/p>\n<ul>\n<li><strong>Vice-Pr\u00e9sident<\/strong><\/li>\n<\/ul>\n<p style=\"padding-left: 30px;\">Julien Fleury (076.496.48.40 \/ <a href=\"mailto:julien.fleury@fccoheran.ch\">julien.fleury@fccoheran.ch<\/a>)<\/p>\n<ul>\n<li><strong>Tr\u00e9sorier<\/strong><\/li>\n<\/ul>\n<p style=\"padding-left: 30px;\">Olivier Casada (079.314.25.09\u00a0\u00a0\/ <a href=\"mailto:olivier.casada@fccoheran.ch\">olivier.casada@fccoheran.ch<\/a>)<\/p>\n<ul>\n<li><strong>Secr\u00e9taire<\/strong><\/li>\n<\/ul>\n<p style=\"padding-left: 30px;\">Yannick Fasana (079.624.19.6 \u00a0\/ <a href=\"mailto:yannick.fasana@fccoheran.ch\">yannick.fasana@fccoheran.ch<\/a>)<\/p>\n<p>Si vous avez une question, une remarque ou proposition \u00e0 formuler au comit\u00e9, vous pouvez le faire directement par email \u00e0 l&rsquo;adresse \u00a0<a href=\"contact@fccoheran.ch\">contact@fccoheran.ch<\/a><\/p>\n\n\n<figure class=\"wp-block-image size-large is-resized\"><a href=\"https:\/\/www.fccoheran.ch\/wp-content\/uploads\/2023\/08\/Sport-Qualite_AGS_logo_CMJN_club-5-1.jpg\"><img loading=\"lazy\" decoding=\"async\" width=\"1024\" height=\"641\" src=\"https:\/\/www.fccoheran.ch\/wp-content\/uploads\/2023\/08\/Sport-Qualite_AGS_logo_CMJN_club-5-1-1024x641.jpg\" alt=\"\" class=\"wp-image-7275\" style=\"width:808px;height:505px\" srcset=\"https:\/\/www.fccoheran.ch\/wp-content\/uploads\/2023\/08\/Sport-Qualite_AGS_logo_CMJN_club-5-1-1024x641.jpg 1024w, https:\/\/www.fccoheran.ch\/wp-content\/uploads\/2023\/08\/Sport-Qualite_AGS_logo_CMJN_club-5-1-300x188.jpg 300w, https:\/\/www.fccoheran.ch\/wp-content\/uploads\/2023\/08\/Sport-Qualite_AGS_logo_CMJN_club-5-1-768x481.jpg 768w, https:\/\/www.fccoheran.ch\/wp-content\/uploads\/2023\/08\/Sport-Qualite_AGS_logo_CMJN_club-5-1.jpg 1243w\" sizes=\"auto, (max-width: 1024px) 100vw, 1024px\" \/><\/a><\/figure>\n","protected":false},"excerpt":{"rendered":"<p>Pour la saison 2025-2026, le comit\u00e9 du FC Coheran se compose des personnes suivante, qui s\u2019occupent de toutes les t\u00e2ches administratives et sportives du club. Le comit\u00e9 se r\u00e9unit une fois par mois le mardi soir de 21h00 \u00e0 22h30 au stade des Tattes \u00e0 Hermance. Vous trouverez ci-dessous les contacts de chaque membre du [&hellip;]<\/p>\n","protected":false},"author":1,"featured_media":0,"parent":37,"menu_order":20,"comment_status":"closed","ping_status":"open","template":"","meta":{"footnotes":""},"class_list":["post-39","page","type-page","status-publish","hentry"],"_links":{"self":[{"href":"https:\/\/www.fccoheran.ch\/index.php?rest_route=\/wp\/v2\/pages\/39","targetHints":{"allow":["GET"]}}],"collection":[{"href":"https:\/\/www.fccoheran.ch\/index.php?rest_route=\/wp\/v2\/pages"}],"about":[{"href":"https:\/\/www.fccoheran.ch\/index.php?rest_route=\/wp\/v2\/types\/page"}],"author":[{"embeddable":true,"href":"https:\/\/www.fccoheran.ch\/index.php?rest_route=\/wp\/v2\/users\/1"}],"replies":[{"embeddable":true,"href":"https:\/\/www.fccoheran.ch\/index.php?rest_route=%2Fwp%2Fv2%2Fcomments&post=39"}],"version-history":[{"count":51,"href":"https:\/\/www.fccoheran.ch\/index.php?rest_route=\/wp\/v2\/pages\/39\/revisions"}],"predecessor-version":[{"id":7519,"href":"https:\/\/www.fccoheran.ch\/index.php?rest_route=\/wp\/v2\/pages\/39\/revisions\/7519"}],"up":[{"embeddable":true,"href":"https:\/\/www.fccoheran.ch\/index.php?rest_route=\/wp\/v2\/pages\/37"}],"wp:attachment":[{"href":"https:\/\/www.fccoheran.ch\/index.php?rest_route=%2Fwp%2Fv2%2Fmedia&parent=39"}],"curies":[{"name":"wp","href":"https:\/\/api.w.org\/{rel}","templated":true}]}}