{"id":41,"date":"2012-05-01T08:41:08","date_gmt":"2012-05-01T08:41:08","guid":{"rendered":"http:\/\/www.fccoheran.ch\/?page_id=41"},"modified":"2019-12-05T03:22:39","modified_gmt":"2019-12-05T03:22:39","slug":"stades","status":"publish","type":"page","link":"https:\/\/www.fccoheran.ch\/?page_id=41","title":{"rendered":"Terrain des Tattes"},"content":{"rendered":"<p>Vous trouverez l&rsquo;adresse et les d\u00e9tails techniques de notre v\u00e9n\u00e9rable terrain des Tattes.<\/p>\n<ul>\n<li><strong>Adresse<\/strong>\n<ul>\n<li>Chemin des Sarasins, \u20281248 Hermance (<a href=\"http:\/\/map.search.ch\/hermance\/ch.des-sarrasins?x=14m&amp;y=-34m\" target=\"_blank\">Plan d&rsquo;acc\u00e8s<\/a>)<\/li>\n<\/ul>\n<\/li>\n<\/ul>\n<ul>\n<li><strong>Donn\u00e9es techniques<\/strong>\n<ul>\n<li>Rev\u00eatement\u00a0: Gazon<\/li>\n<li>Dimension\n<ul>\n<li>Longueur : 90m<\/li>\n<li>Largeur : 69.5m<\/li>\n<\/ul>\n<\/li>\n<li>2 vestiaires &amp; 1 vestiaire d\u2019arbitre<\/li>\n<li>1 buvette (ouverte tous les jours d\u2019entrainements &amp; lors des matchs)<\/li>\n<\/ul>\n<\/li>\n<\/ul>\n<p><img loading=\"lazy\" decoding=\"async\" class=\"alignright size-full wp-image-5130\" src=\"http:\/\/www.fccoheran.ch\/wp-content\/uploads\/2012\/05\/Coheran-stade-des-Tattes.jpg\" alt=\"\" width=\"1920\" height=\"1305\" srcset=\"https:\/\/www.fccoheran.ch\/wp-content\/uploads\/2012\/05\/Coheran-stade-des-Tattes.jpg 1920w, https:\/\/www.fccoheran.ch\/wp-content\/uploads\/2012\/05\/Coheran-stade-des-Tattes-300x204.jpg 300w, https:\/\/www.fccoheran.ch\/wp-content\/uploads\/2012\/05\/Coheran-stade-des-Tattes-768x522.jpg 768w, https:\/\/www.fccoheran.ch\/wp-content\/uploads\/2012\/05\/Coheran-stade-des-Tattes-1024x696.jpg 1024w\" sizes=\"auto, (max-width: 1920px) 100vw, 1920px\" \/><\/p>\n<div><\/div>\n<p>&nbsp;<\/p>\n","protected":false},"excerpt":{"rendered":"<p>Vous trouverez l&rsquo;adresse et les d\u00e9tails techniques de notre v\u00e9n\u00e9rable terrain des Tattes. Adresse Chemin des Sarasins, \u20281248 Hermance (Plan d&rsquo;acc\u00e8s) Donn\u00e9es techniques Rev\u00eatement\u00a0: Gazon Dimension Longueur : 90m Largeur : 69.5m 2 vestiaires &amp; 1 vestiaire d\u2019arbitre 1 buvette (ouverte tous les jours d\u2019entrainements &amp; lors des matchs) &nbsp;<\/p>\n","protected":false},"author":1,"featured_media":0,"parent":37,"menu_order":60,"comment_status":"closed","ping_status":"open","template":"","meta":{"footnotes":""},"class_list":["post-41","page","type-page","status-publish","hentry"],"_links":{"self":[{"href":"https:\/\/www.fccoheran.ch\/index.php?rest_route=\/wp\/v2\/pages\/41","targetHints":{"allow":["GET"]}}],"collection":[{"href":"https:\/\/www.fccoheran.ch\/index.php?rest_route=\/wp\/v2\/pages"}],"about":[{"href":"https:\/\/www.fccoheran.ch\/index.php?rest_route=\/wp\/v2\/types\/page"}],"author":[{"embeddable":true,"href":"https:\/\/www.fccoheran.ch\/index.php?rest_route=\/wp\/v2\/users\/1"}],"replies":[{"embeddable":true,"href":"https:\/\/www.fccoheran.ch\/index.php?rest_route=%2Fwp%2Fv2%2Fcomments&post=41"}],"version-history":[{"count":18,"href":"https:\/\/www.fccoheran.ch\/index.php?rest_route=\/wp\/v2\/pages\/41\/revisions"}],"predecessor-version":[{"id":5134,"href":"https:\/\/www.fccoheran.ch\/index.php?rest_route=\/wp\/v2\/pages\/41\/revisions\/5134"}],"up":[{"embeddable":true,"href":"https:\/\/www.fccoheran.ch\/index.php?rest_route=\/wp\/v2\/pages\/37"}],"wp:attachment":[{"href":"https:\/\/www.fccoheran.ch\/index.php?rest_route=%2Fwp%2Fv2%2Fmedia&parent=41"}],"curies":[{"name":"wp","href":"https:\/\/api.w.org\/{rel}","templated":true}]}}