{"id":43,"date":"2012-05-01T08:41:53","date_gmt":"2012-05-01T08:41:53","guid":{"rendered":"http:\/\/www.fccoheran.ch\/?page_id=43"},"modified":"2019-07-16T20:17:29","modified_gmt":"2019-07-16T20:17:29","slug":"historique","status":"publish","type":"page","link":"https:\/\/www.fccoheran.ch\/?page_id=43","title":{"rendered":"Historique"},"content":{"rendered":"<p>Le <em><strong>FC Coheran<\/strong><\/em><b>\u00a0<\/b>a officiellement vu le jour le 1er juillet 2009 suite \u00e0 la fusion entre le FC Hermance et le FC Rapid Ani\u00e8res.<\/p>\n<p>Ce club repr\u00e9sente fi\u00e8rement les communes de <strong>Co<\/strong>rsier &#8211;<strong> Her<\/strong>mance &#8211; <strong>An<\/strong>i\u00e8res<\/p>\n<p>Afin de vous faire conna\u00eetre un peu plus les deux clubs qui sont \u00e0 l\u2019origine de cette fusion, vous trouverez ci-dessous leurs historiques.<\/p>\n<p><img loading=\"lazy\" decoding=\"async\" class=\"size-full wp-image-64 alignnone\" title=\"hermancia\" src=\"http:\/\/www.fccoheran.ch\/wp-content\/uploads\/2012\/05\/hermancia.jpg\" alt=\"\" width=\"320\" height=\"226\" srcset=\"https:\/\/www.fccoheran.ch\/wp-content\/uploads\/2012\/05\/hermancia.jpg 320w, https:\/\/www.fccoheran.ch\/wp-content\/uploads\/2012\/05\/hermancia-300x211.jpg 300w\" sizes=\"auto, (max-width: 320px) 100vw, 320px\" \/><\/p>\n<p><strong>Historique FC Hermance<\/strong><\/p>\n<p>C\u2019est en 1921, il y a 88 ans, que le club voit le jour. Son premier pr\u00e9sident fut Fernand Dealrue (1921-1925). C\u2019\u00e9tait le temps des premiers terrains sur France, pr\u00e8s de la Colonie qui donna le nom \u00ab Hermancia \u00bb au club.<\/p>\n<p>Son successeur fut Jean Luzy qui conduit les destin\u00e9es du club de 1925 \u00e0 1935, soit pendant 10 ans. En 1936, Hermancia f\u00eate ses 15 ans sous la pr\u00e9sidence de Marcel Argand qui conduit le club pendant 6 ans soit de 1935 \u00e0 1941.<\/p>\n<p>D\u00e8s 1941, Jean Vidonne prend la direction du club pour 10 ans, soit jusqu\u2019en 1951. C\u2019est la p\u00e9riode de la guerre. L\u2019activit\u00e9 du club est quelque peu r\u00e9duite. Sous sa pr\u00e9sidence, ce fut le d\u00e9placement du club en Suisse sur le terrain des Tattes. Ce terrain appartenant alors \u00e0 Messieurs Huissoud et Duret pour une location de CHF 60.- par ann\u00e9e.<\/p>\n<p>Le 18 ao\u00fbt 1951, le club f\u00eate ses 30 ans d\u2019existence au caf\u00e9-restaurant de la Couronne par un repas familial. Le pr\u00e9sident d\u2019alors est Louis Robert (1951-1955). Durant la deuxi\u00e8me pr\u00e9sidence de Jean Vidonne (1955-1966), le club devient propri\u00e9taire de son terrain et des installations dont l\u2019inauguration officielle a lieu le 31 ao\u00fbt 1958.<\/p>\n<p>Le club \u00e9volue alors en 4\u00e8me ligue et il faut attendre le championnat 1961\/1962 pour remonter en 3\u00e8me ligue. Ce fut aussi l\u2019\u00e9poque o\u00f9 gr\u00e2ce \u00e0 Andr\u00e9 Belli notre club inscrit pour la premi\u00e8re fois une \u00e9quipe de juniors B pour la saison 1965\/1966.<\/p>\n<p>L\u2019ann\u00e9e 1966 sera le d\u00e9but de la pr\u00e9sidence d\u2019Albert Ferber. Une \u00e9quipe de juniors A fut cr\u00e9\u00e9e et cette saison fut \u00e0 l\u2019\u00e9poque une ann\u00e9e record pour l\u2019Hermancia avec 3 \u00e9quipes et plus de 60 joueurs licenci\u00e9s. De grands travaux de nivellement du terrain, ainsi que la pose des treillis de protection furent entrepris. La saison 72\/73 verra la cr\u00e9ation, pour la premi\u00e8re fois d\u2019une \u00e9quipe v\u00e9t\u00e9ran. La pr\u00e9sidence d\u2019Albert Felber se poursuivra jusqu\u2019en 1977, soit pendant 8 ann\u00e9es.<\/p>\n<p>De 1971 \u00e0 1991, le club est dirig\u00e9 par Fernand Vidonne. Sous sa pr\u00e9sidence, en accord avec le comit\u00e9, de gros travaux sont entrepris en 1982 avec l\u2019agrandissement des vestiaires et la construction de la buvette. En 1984, les installations vont encore s\u2019am\u00e9liorer avec la pose de l\u2019\u00e9clairage.<\/p>\n<p>En 1991, Jean-Pierre Fortin reprend la pr\u00e9sidence jusqu\u2019en 1998, soit pendant 7 ans et c\u2019est sous sa pr\u00e9sidence que le club montera pour la premi\u00e8re fois de son existence en 2\u00e8me ligue. Cette promotion, au terme de la saison 92\/93, occasionna \u00e0 nouveau l\u2019ex\u00e9cution de divers travaux, en particulier la r\u00e9g\u00e9n\u00e9ration du terrain et l\u2019am\u00e9nagement des vestiaires. C\u2019est aussi sous sa pr\u00e9sidence que le FC Hermancia devient le FC Hermance.<br \/>\nPuis vint la pr\u00e9sidence de Marc Baly en 1998, pr\u00e9c\u00e9demment tr\u00e9sorier du club pendant de nombreuses ann\u00e9es. Ce dernier reste \u00e0 la t\u00eate du club jusqu\u2019en 2007.<br \/>\nLe dernier pr\u00e9sident du club fut Daniel Jauch, qui allait entreprendre la transition vers le FC Coheran<\/p>\n<p><img loading=\"lazy\" decoding=\"async\" class=\"alignnone size-full wp-image-66\" title=\"fc_hermance\" src=\"http:\/\/www.fccoheran.ch\/wp-content\/uploads\/2012\/05\/fc_hermance.jpg\" alt=\"\" width=\"320\" height=\"226\" srcset=\"https:\/\/www.fccoheran.ch\/wp-content\/uploads\/2012\/05\/fc_hermance.jpg 320w, https:\/\/www.fccoheran.ch\/wp-content\/uploads\/2012\/05\/fc_hermance-300x211.jpg 300w\" sizes=\"auto, (max-width: 320px) 100vw, 320px\" \/><\/p>\n<p><strong>Historique FC Rapid Ani\u00e8res<\/strong><\/p>\n<p>C\u2019est lors du traditionnel tournoi de l\u2019Ascension du FC Hermance (belle coincidence !!!)que vint l\u2019id\u00e9e de cr\u00e9er le FC Rapid Ani\u00e8res. A la base, deux hommes sont derri\u00e8re cette id\u00e9e, Laurent Serafin et Jean-Michel Wegm\u00fcller.<br \/>\nApr\u00e8s en avoir parl\u00e9 autour d\u2019eux pour recruter les joueurs et avoir convaincu la commune d\u2019Ani\u00e8res d\u2019\u00eatre derri\u00e8re ce beau projet, le comit\u00e9 constitu\u00e9 de cinq personnes pr\u00e9parent le dossier de candidature pour l\u2019ASF (Association suisse de football) &amp; l\u2019ACGF (Association cantonale genevoise de football). L\u2019acceptation du dossier est connue au d\u00e9but de l\u2019ann\u00e9e 2004.<br \/>\nLe 24 avril 2004, le club organise sa f\u00eate d\u2019inauguration avec \u00e0 la cl\u00e9 un match amical contre le CD Cerceda, qui est le second utilisateur du terrain de Chevrens, et un grand repas de soutien qui r\u00e9unit plus de 150 personnes.<br \/>\nLe 1e juillet 2004, le club est officiellement admis dans le giron de l\u2019ASF et de l\u2019ACGF et d\u00e9but le championnat de 5\u00e8me ligue lors de la saison 2004-2005.<br \/>\nLe premier match officiel vit la victoire du Rapid contre l\u2019\u00e9quipe de Laconnex., deux buts \u00e0 un. Le reste de la saison et celle de 2005-2006 n\u2019ont pas permis \u00e0 l\u2019\u00e9quipe d\u2019obtenir la promotion. La deuxi\u00e8me saison am\u00e8ne n\u00e9anmoins un \u00e9l\u00e9ment positif dans la vie du club car il devient le seul occupant du terrain de Chevrens, \u00e9tant donn\u00e9 que Cerceda s\u2019est vu signifi\u00e9 son cong\u00e9 par l\u2019Astural<\/p>\n<p><img loading=\"lazy\" decoding=\"async\" class=\"alignnone size-full wp-image-67\" title=\"fc_rapid_1\" src=\"http:\/\/www.fccoheran.ch\/wp-content\/uploads\/2012\/05\/fc_rapid_1.jpg\" alt=\"\" width=\"320\" height=\"211\" srcset=\"https:\/\/www.fccoheran.ch\/wp-content\/uploads\/2012\/05\/fc_rapid_1.jpg 320w, https:\/\/www.fccoheran.ch\/wp-content\/uploads\/2012\/05\/fc_rapid_1-300x197.jpg 300w\" sizes=\"auto, (max-width: 320px) 100vw, 320px\" \/><\/p>\n<p>La r\u00e9compense viendra lors de la saison 2006-2007 au cours d\u2019une saison un peu folle avec beaucoup de grinta de la part de l\u2019\u00e9quipe et surtout une s\u00e9rie impressionnante au 2\u00e8me tour avec 26 points en dix matchs. Le match d\u00e9cisif oppose le Rapid \u00e0 la deuxi\u00e8me \u00e9quipe du FC Hermance. Les Ani\u00e9rois le remportent par 6-0. L\u2019\u00e9quipe termine \u00e0 la deuxi\u00e8me place derri\u00e8re le FC Saint-Paul. Lors de cette saison, le club organise son 2\u00e8me repas de soutien, qui draine plus de 200 personnes dans la salle communale d\u2019Ani\u00e8res. Un succ\u00e8s en tous points !!!<\/p>\n<p><img loading=\"lazy\" decoding=\"async\" class=\"alignnone size-full wp-image-68\" title=\"fc_rapid_2\" src=\"http:\/\/www.fccoheran.ch\/wp-content\/uploads\/2012\/05\/fc_rapid_2.jpg\" alt=\"\" width=\"320\" height=\"213\" srcset=\"https:\/\/www.fccoheran.ch\/wp-content\/uploads\/2012\/05\/fc_rapid_2.jpg 320w, https:\/\/www.fccoheran.ch\/wp-content\/uploads\/2012\/05\/fc_rapid_2-300x199.jpg 300w\" sizes=\"auto, (max-width: 320px) 100vw, 320px\" \/><\/p>\n<p>La saison suivante voit malheureusement l\u2019\u00e9quipe perturb\u00e9e par les blessures et les absences. Ces \u00e9l\u00e9ments vont amener une saison tr\u00e8s p\u00e9nible avec une rel\u00e9gation \u00e0 la cl\u00e9 en fin de saison.<\/p>\n<p>La derni\u00e8re saison du Rapid verra l\u2019\u00e9quipe terminer \u00e0 la cinqui\u00e8me place dans un groupe assez difficile. Le dernier match de l\u2019histoire du Rapid fut un peu le symbole de ces cinq ann\u00e9es avec une victoire \u00e0 l\u2019arrach\u00e9e de la part des Ani\u00e9rois au cours d\u2019une rencontre alternant le bon et le moins bon. Tout un symbole de ces cinq ann\u00e9es de vie.<\/p>\n","protected":false},"excerpt":{"rendered":"<p>Le FC Coheran\u00a0a officiellement vu le jour le 1er juillet 2009 suite \u00e0 la fusion entre le FC Hermance et le FC Rapid Ani\u00e8res. Ce club repr\u00e9sente fi\u00e8rement les communes de Corsier &#8211; Hermance &#8211; Ani\u00e8res Afin de vous faire conna\u00eetre un peu plus les deux clubs qui sont \u00e0 l\u2019origine de cette fusion, vous [&hellip;]<\/p>\n","protected":false},"author":1,"featured_media":0,"parent":37,"menu_order":10,"comment_status":"closed","ping_status":"open","template":"","meta":{"footnotes":""},"class_list":["post-43","page","type-page","status-publish","hentry"],"_links":{"self":[{"href":"https:\/\/www.fccoheran.ch\/index.php?rest_route=\/wp\/v2\/pages\/43","targetHints":{"allow":["GET"]}}],"collection":[{"href":"https:\/\/www.fccoheran.ch\/index.php?rest_route=\/wp\/v2\/pages"}],"about":[{"href":"https:\/\/www.fccoheran.ch\/index.php?rest_route=\/wp\/v2\/types\/page"}],"author":[{"embeddable":true,"href":"https:\/\/www.fccoheran.ch\/index.php?rest_route=\/wp\/v2\/users\/1"}],"replies":[{"embeddable":true,"href":"https:\/\/www.fccoheran.ch\/index.php?rest_route=%2Fwp%2Fv2%2Fcomments&post=43"}],"version-history":[{"count":12,"href":"https:\/\/www.fccoheran.ch\/index.php?rest_route=\/wp\/v2\/pages\/43\/revisions"}],"predecessor-version":[{"id":5959,"href":"https:\/\/www.fccoheran.ch\/index.php?rest_route=\/wp\/v2\/pages\/43\/revisions\/5959"}],"up":[{"embeddable":true,"href":"https:\/\/www.fccoheran.ch\/index.php?rest_route=\/wp\/v2\/pages\/37"}],"wp:attachment":[{"href":"https:\/\/www.fccoheran.ch\/index.php?rest_route=%2Fwp%2Fv2%2Fmedia&parent=43"}],"curies":[{"name":"wp","href":"https:\/\/api.w.org\/{rel}","templated":true}]}}