{"id":49,"date":"2012-05-01T08:45:00","date_gmt":"2012-05-01T08:45:00","guid":{"rendered":"http:\/\/www.fccoheran.ch\/?page_id=49"},"modified":"2025-03-20T17:47:14","modified_gmt":"2025-03-20T17:47:14","slug":"nos-manisfestations","status":"publish","type":"page","link":"https:\/\/www.fccoheran.ch\/?page_id=49","title":{"rendered":"Manifestations"},"content":{"rendered":"<p>Depuis sa fusion en 2009, le FC Coheran a tenu \u00e0 jouer un r\u00f4le social au sein des trois communes du CoHerAn tant au niveau de son activit\u00e9 sportive qu\u2019au niveau de son implication dans la vie communale lors des manifestations. Le club organise \u00e9galement ses propres manifestations comme le Tournoi de l\u2019Ascension ou son repas de soutien.<\/p>\n<p>Le programme des manifestations pour la saison 2024-2025<\/p>\n<ul>\n<li>1er ao\u00fbt 2024 : F\u00eate nationale \u00e0 Hermance<\/li>\n<li>6 octobre 2024 : F\u00eate de la Courge \u00e0 Corsier<\/li>\n<li>23 Novembre 2024 : Repas de soutien du club \u00e0 la salle communale d&rsquo;Ani\u00e8res<\/li>\n<li><a href=\"https:\/\/www.fccoheran.ch\/?page_id=289\">29 mai 2025 : Tournoi de l&rsquo;Ascension<\/a><\/li>\n<li>11 juin 2025 : Organisation de la 3\u00e8me \u00e9tage du Tour du Canton<\/li>\n<li><a href=\"https:\/\/www.fccoheran.ch\/?page_id=684\">Juillet &#8211; Ao\u00fbt 2025 : Camps d&rsquo;\u00e9t\u00e9<\/a><\/li>\n<\/ul>\n<p><em>Vous avez une id\u00e9e de manifestation\u00a0?<\/em><\/p>\n<p><em>Vous souhaitez associer le FC Coheran \u00e0 l\u2019une de vos manifestations\u00a0?<\/em><\/p>\n<p><em>Vous souhaitez participer b\u00e9n\u00e9volement lors d\u2019une de ces manifestations\u00a0du club ?<\/em><\/p>\n<p>N\u2019h\u00e9sitez pas une seconde\u2026.vous pouvez \u00e9crire un email \u00e0 l\u2019adresse\u00a0<a href=\"mailto:contact@fccoheran.ch\">contact@fccoheran.ch<\/a>\u00a0et nous prendrons contact avec vous dans les meilleurs d\u00e9lais.<\/p>\n","protected":false},"excerpt":{"rendered":"<p>Depuis sa fusion en 2009, le FC Coheran a tenu \u00e0 jouer un r\u00f4le social au sein des trois communes du CoHerAn tant au niveau de son activit\u00e9 sportive qu\u2019au niveau de son implication dans la vie communale lors des manifestations. Le club organise \u00e9galement ses propres manifestations comme le Tournoi de l\u2019Ascension ou son [&hellip;]<\/p>\n","protected":false},"author":1,"featured_media":0,"parent":0,"menu_order":30,"comment_status":"closed","ping_status":"open","template":"","meta":{"footnotes":""},"class_list":["post-49","page","type-page","status-publish","hentry"],"_links":{"self":[{"href":"https:\/\/www.fccoheran.ch\/index.php?rest_route=\/wp\/v2\/pages\/49","targetHints":{"allow":["GET"]}}],"collection":[{"href":"https:\/\/www.fccoheran.ch\/index.php?rest_route=\/wp\/v2\/pages"}],"about":[{"href":"https:\/\/www.fccoheran.ch\/index.php?rest_route=\/wp\/v2\/types\/page"}],"author":[{"embeddable":true,"href":"https:\/\/www.fccoheran.ch\/index.php?rest_route=\/wp\/v2\/users\/1"}],"replies":[{"embeddable":true,"href":"https:\/\/www.fccoheran.ch\/index.php?rest_route=%2Fwp%2Fv2%2Fcomments&post=49"}],"version-history":[{"count":63,"href":"https:\/\/www.fccoheran.ch\/index.php?rest_route=\/wp\/v2\/pages\/49\/revisions"}],"predecessor-version":[{"id":7493,"href":"https:\/\/www.fccoheran.ch\/index.php?rest_route=\/wp\/v2\/pages\/49\/revisions\/7493"}],"wp:attachment":[{"href":"https:\/\/www.fccoheran.ch\/index.php?rest_route=%2Fwp%2Fv2%2Fmedia&parent=49"}],"curies":[{"name":"wp","href":"https:\/\/api.w.org\/{rel}","templated":true}]}}