{"id":5171,"date":"2018-09-20T13:21:55","date_gmt":"2018-09-20T13:21:55","guid":{"rendered":"http:\/\/www.fccoheran.ch\/?page_id=5171"},"modified":"2022-01-05T16:30:54","modified_gmt":"2022-01-05T16:30:54","slug":"devenez-partenaire-sponsor","status":"publish","type":"page","link":"https:\/\/www.fccoheran.ch\/?page_id=5171","title":{"rendered":"Devenez Partenaire \/ Sponsor"},"content":{"rendered":"<h3><span style=\"color: #000000;\">Qui allez-vous soutenir<\/span><span style=\"color: #000000;\">?<\/span><\/h3>\n<ul>\n<li>Le FC Coheran\u00a0c&rsquo;est plus de <span style=\"color: #800000;\"><strong>300<\/strong> <\/span>membres dont <span style=\"color: #800000;\"><strong>180<\/strong> <\/span>juniors<\/li>\n<li><span style=\"color: #800000;\"><strong>9<\/strong> <\/span>\u00e9quipes<\/li>\n<li>Une <strong><span style=\"color: #800000;\">\u00e9cole de Foot<\/span><\/strong>ball reconnue dans tout le canton<\/li>\n<\/ul>\n<h3><span style=\"color: #000000;\">Comment?<\/span><\/h3>\n<ul>\n<li>A partir\u00a0de <span style=\"color: #800000;\"><strong>100 CHF<\/strong><\/span> vous\u00a0pouvez\u00a0devenir\u00a0un acteur \u00e0 part enti\u00e8re du club !<\/li>\n<li>ou \u00e0 travers nos divers <strong><span style=\"color: #800000;\">formules<\/span><\/strong>: sponsor maillot, sac ou autre mat\u00e9riel<\/li>\n<\/ul>\n<h3><span style=\"color: #000000;\">Pourquoi?<\/span><\/h3>\n<ul>\n<li>Pour que\u00a0nos <strong><span style=\"color: #800000;\">jeunesses\u00a0<\/span><\/strong>\u00ab\u00a0coheranes\u00a0\u00bb puissent s&rsquo;\u00e9panouir dans les meilleures conditions.<\/li>\n<\/ul>\n<h3 style=\"text-align: center;\"><strong>Merci d&rsquo;avance pour votre inestimable soutien !<\/strong><\/h3>\n<p style=\"text-align: center;\"><span style=\"color: #000000;\">Pour plus d\u2019informations et\/ou apporter votre contribution:<\/span><br \/>\ncontact@fccoheran.ch<\/p>\n","protected":false},"excerpt":{"rendered":"<p>Qui allez-vous soutenir? Le FC Coheran\u00a0c&rsquo;est plus de 300 membres dont 180 juniors 9 \u00e9quipes Une \u00e9cole de Football reconnue dans tout le canton Comment? A partir\u00a0de 100 CHF vous\u00a0pouvez\u00a0devenir\u00a0un acteur \u00e0 part enti\u00e8re du club ! ou \u00e0 travers nos divers formules: sponsor maillot, sac ou autre mat\u00e9riel Pourquoi? Pour que\u00a0nos jeunesses\u00a0\u00ab\u00a0coheranes\u00a0\u00bb puissent s&rsquo;\u00e9panouir [&hellip;]<\/p>\n","protected":false},"author":2,"featured_media":0,"parent":37,"menu_order":55,"comment_status":"closed","ping_status":"closed","template":"full-width-page.php","meta":{"footnotes":""},"class_list":["post-5171","page","type-page","status-publish","hentry"],"_links":{"self":[{"href":"https:\/\/www.fccoheran.ch\/index.php?rest_route=\/wp\/v2\/pages\/5171","targetHints":{"allow":["GET"]}}],"collection":[{"href":"https:\/\/www.fccoheran.ch\/index.php?rest_route=\/wp\/v2\/pages"}],"about":[{"href":"https:\/\/www.fccoheran.ch\/index.php?rest_route=\/wp\/v2\/types\/page"}],"author":[{"embeddable":true,"href":"https:\/\/www.fccoheran.ch\/index.php?rest_route=\/wp\/v2\/users\/2"}],"replies":[{"embeddable":true,"href":"https:\/\/www.fccoheran.ch\/index.php?rest_route=%2Fwp%2Fv2%2Fcomments&post=5171"}],"version-history":[{"count":13,"href":"https:\/\/www.fccoheran.ch\/index.php?rest_route=\/wp\/v2\/pages\/5171\/revisions"}],"predecessor-version":[{"id":6879,"href":"https:\/\/www.fccoheran.ch\/index.php?rest_route=\/wp\/v2\/pages\/5171\/revisions\/6879"}],"up":[{"embeddable":true,"href":"https:\/\/www.fccoheran.ch\/index.php?rest_route=\/wp\/v2\/pages\/37"}],"wp:attachment":[{"href":"https:\/\/www.fccoheran.ch\/index.php?rest_route=%2Fwp%2Fv2%2Fmedia&parent=5171"}],"curies":[{"name":"wp","href":"https:\/\/api.w.org\/{rel}","templated":true}]}}