{"id":534,"date":"2012-11-26T18:52:25","date_gmt":"2012-11-26T18:52:25","guid":{"rendered":"http:\/\/www.fccoheran.ch\/?page_id=534"},"modified":"2020-11-17T16:13:28","modified_gmt":"2020-11-17T16:13:28","slug":"produits-fcc","status":"publish","type":"page","link":"https:\/\/www.fccoheran.ch\/?page_id=534","title":{"rendered":"Boutique FCC"},"content":{"rendered":"<p style=\"text-align: center;\">Depuis le d\u00e9but de la saison 2020-2021, le FC Coheran a d\u00e9cid\u00e9 de mettre en place une boutique en ligne o\u00f9 vous trouverez diff\u00e9rents articles du club.<\/p>\n<p style=\"text-align: center;\">En un clic, vous serez encore plus proche de votre club de coeur \ud83d\ude42<\/p>\n<h3 style=\"text-align: center;\"><a href=\"https:\/\/www.boutique-fcc.ch\"><img loading=\"lazy\" decoding=\"async\" class=\"aligncenter wp-image-6523 \" src=\"http:\/\/www.fccoheran.ch\/wp-content\/uploads\/2012\/11\/IMG_5803.jpg\" alt=\"\" width=\"705\" height=\"425\" srcset=\"https:\/\/www.fccoheran.ch\/wp-content\/uploads\/2012\/11\/IMG_5803.jpg 640w, https:\/\/www.fccoheran.ch\/wp-content\/uploads\/2012\/11\/IMG_5803-300x181.jpg 300w\" sizes=\"auto, (max-width: 705px) 100vw, 705px\" \/><\/a><\/h3>\n<p>&nbsp;<\/p>\n","protected":false},"excerpt":{"rendered":"<p>Depuis le d\u00e9but de la saison 2020-2021, le FC Coheran a d\u00e9cid\u00e9 de mettre en place une boutique en ligne o\u00f9 vous trouverez diff\u00e9rents articles du club. En un clic, vous serez encore plus proche de votre club de coeur \ud83d\ude42 &nbsp;<\/p>\n","protected":false},"author":2,"featured_media":0,"parent":0,"menu_order":50,"comment_status":"closed","ping_status":"open","template":"full-width-page.php","meta":{"footnotes":""},"class_list":["post-534","page","type-page","status-publish","hentry"],"_links":{"self":[{"href":"https:\/\/www.fccoheran.ch\/index.php?rest_route=\/wp\/v2\/pages\/534","targetHints":{"allow":["GET"]}}],"collection":[{"href":"https:\/\/www.fccoheran.ch\/index.php?rest_route=\/wp\/v2\/pages"}],"about":[{"href":"https:\/\/www.fccoheran.ch\/index.php?rest_route=\/wp\/v2\/types\/page"}],"author":[{"embeddable":true,"href":"https:\/\/www.fccoheran.ch\/index.php?rest_route=\/wp\/v2\/users\/2"}],"replies":[{"embeddable":true,"href":"https:\/\/www.fccoheran.ch\/index.php?rest_route=%2Fwp%2Fv2%2Fcomments&post=534"}],"version-history":[{"count":69,"href":"https:\/\/www.fccoheran.ch\/index.php?rest_route=\/wp\/v2\/pages\/534\/revisions"}],"predecessor-version":[{"id":6566,"href":"https:\/\/www.fccoheran.ch\/index.php?rest_route=\/wp\/v2\/pages\/534\/revisions\/6566"}],"wp:attachment":[{"href":"https:\/\/www.fccoheran.ch\/index.php?rest_route=%2Fwp%2Fv2%2Fmedia&parent=534"}],"curies":[{"name":"wp","href":"https:\/\/api.w.org\/{rel}","templated":true}]}}