{"id":6044,"date":"2019-09-17T19:14:59","date_gmt":"2019-09-17T19:14:59","guid":{"rendered":"http:\/\/www.fccoheran.ch\/?page_id=6044"},"modified":"2021-12-23T10:53:43","modified_gmt":"2021-12-23T10:53:43","slug":"cercle-des-soutiens-du-fcc","status":"publish","type":"page","link":"https:\/\/www.fccoheran.ch\/?page_id=6044","title":{"rendered":"Le Rond Central"},"content":{"rendered":"<p>Avec le club de soutien \u00ab\u00a0Rond central\u00a0\u00bb,\u00a0l\u2019objectif du club est de cr\u00e9er un v\u00e9ritable noyau communautaire de notre club et qui repr\u00e9sente aussi un soutien indispensable pour les projets de notre mouvement Juniors. L\u2019adh\u00e9sion est ouverte \u00e0 tous et permettra \u00e0 chacun d\u2019\u00eatre un acteur privil\u00e9gi\u00e9 du d\u00e9veloppement du club<\/p>\n<p><em><strong>A QUOI sert votre adh\u00e9sion (\u00e0 partir de CHF 100 par saison) ?<\/strong><\/em><\/p>\n<ul>\n<li>Achat de divers mat\u00e9riels pour le mouvement Juniors<\/li>\n<li>Participation aux tournois organis\u00e9s pour les joueurs<\/li>\n<li>Formation des jeunes entraineurs<\/li>\n<\/ul>\n<p>Afin de vous remercier, le nom de chaque adh\u00e9rent sera inscrit sur le mur du \u00ab\u00a0Rond Central\u00a0\u00bb \u00e0 la buvette du terrain des Tattes, un \u00e9v\u00e8nement par ann\u00e9e sera organis\u00e9 par le comit\u00e9 et vous recevrez des avantages lors de nos manifestations, comme par exemple lors des repas de soutien.<\/p>\n<p>N\u2019h\u00e9sitez pas \u00e0 nous rejoindre dans ce nouveau projet et continuer ensemble \u00e0 travailler pour l\u2019avenir du FC Coheran et pour les jeunes de notre r\u00e9gion.<\/p>\n<p>Vous pouvez nous contacter par email \u00e0 <a href=\"mailto:contact@fccoheran.ch\">contact@fccoheran.ch<\/a> en cas d&rsquo;int\u00e9r\u00eat !!! Merci d&rsquo;avance \ud83d\ude42<\/p>\n<p><a href=\"https:\/\/www.fccoheran.ch\/wp-content\/uploads\/2021\/12\/Le-Rond-Central.jpeg\"><img loading=\"lazy\" decoding=\"async\" class=\"size-medium wp-image-6856 aligncenter\" src=\"https:\/\/www.fccoheran.ch\/wp-content\/uploads\/2021\/12\/Le-Rond-Central-249x300.jpeg\" alt=\"\" width=\"249\" height=\"300\" srcset=\"https:\/\/www.fccoheran.ch\/wp-content\/uploads\/2021\/12\/Le-Rond-Central-249x300.jpeg 249w, https:\/\/www.fccoheran.ch\/wp-content\/uploads\/2021\/12\/Le-Rond-Central-849x1024.jpeg 849w, https:\/\/www.fccoheran.ch\/wp-content\/uploads\/2021\/12\/Le-Rond-Central-768x927.jpeg 768w, https:\/\/www.fccoheran.ch\/wp-content\/uploads\/2021\/12\/Le-Rond-Central.jpeg 1061w\" sizes=\"auto, (max-width: 249px) 100vw, 249px\" \/><\/a><\/p>\n<p><a href=\"http:\/\/www.fccoheran.ch\/wp-content\/uploads\/2019\/06\/62414731_1429259950546174_3320104011520016384_n.jpg\"><img loading=\"lazy\" decoding=\"async\" class=\" wp-image-5907 aligncenter\" src=\"http:\/\/www.fccoheran.ch\/wp-content\/uploads\/2019\/06\/62414731_1429259950546174_3320104011520016384_n.jpg\" alt=\"\" width=\"643\" height=\"626\" \/><\/a><\/p>\n","protected":false},"excerpt":{"rendered":"<p>Avec le club de soutien \u00ab\u00a0Rond central\u00a0\u00bb,\u00a0l\u2019objectif du club est de cr\u00e9er un v\u00e9ritable noyau communautaire de notre club et qui repr\u00e9sente aussi un soutien indispensable pour les projets de notre mouvement Juniors. L\u2019adh\u00e9sion est ouverte \u00e0 tous et permettra \u00e0 chacun d\u2019\u00eatre un acteur privil\u00e9gi\u00e9 du d\u00e9veloppement du club A QUOI sert votre adh\u00e9sion [&hellip;]<\/p>\n","protected":false},"author":2,"featured_media":0,"parent":37,"menu_order":60,"comment_status":"closed","ping_status":"closed","template":"full-width-page.php","meta":{"footnotes":""},"class_list":["post-6044","page","type-page","status-publish","hentry"],"_links":{"self":[{"href":"https:\/\/www.fccoheran.ch\/index.php?rest_route=\/wp\/v2\/pages\/6044","targetHints":{"allow":["GET"]}}],"collection":[{"href":"https:\/\/www.fccoheran.ch\/index.php?rest_route=\/wp\/v2\/pages"}],"about":[{"href":"https:\/\/www.fccoheran.ch\/index.php?rest_route=\/wp\/v2\/types\/page"}],"author":[{"embeddable":true,"href":"https:\/\/www.fccoheran.ch\/index.php?rest_route=\/wp\/v2\/users\/2"}],"replies":[{"embeddable":true,"href":"https:\/\/www.fccoheran.ch\/index.php?rest_route=%2Fwp%2Fv2%2Fcomments&post=6044"}],"version-history":[{"count":6,"href":"https:\/\/www.fccoheran.ch\/index.php?rest_route=\/wp\/v2\/pages\/6044\/revisions"}],"predecessor-version":[{"id":6857,"href":"https:\/\/www.fccoheran.ch\/index.php?rest_route=\/wp\/v2\/pages\/6044\/revisions\/6857"}],"up":[{"embeddable":true,"href":"https:\/\/www.fccoheran.ch\/index.php?rest_route=\/wp\/v2\/pages\/37"}],"wp:attachment":[{"href":"https:\/\/www.fccoheran.ch\/index.php?rest_route=%2Fwp%2Fv2%2Fmedia&parent=6044"}],"curies":[{"name":"wp","href":"https:\/\/api.w.org\/{rel}","templated":true}]}}