{"id":6046,"date":"2019-09-17T19:17:26","date_gmt":"2019-09-17T19:17:26","guid":{"rendered":"http:\/\/www.fccoheran.ch\/?page_id=6046"},"modified":"2023-08-06T10:01:03","modified_gmt":"2023-08-06T10:01:03","slug":"traquenard-bar-buvette-fcc","status":"publish","type":"page","link":"https:\/\/www.fccoheran.ch\/?page_id=6046","title":{"rendered":"Traquenard Bar (Buvette FCC)"},"content":{"rendered":"<p><img loading=\"lazy\" decoding=\"async\" class=\"wp-image-6047 aligncenter\" src=\"http:\/\/www.fccoheran.ch\/wp-content\/uploads\/2019\/09\/traqlogofini.png\" alt=\"\" width=\"462\" height=\"521\" \/><span style=\"font-size: inherit;\">Le FC Coheran est connu dans le canton pour ses exploits sur les terrains mais aussi pour son incroyable buvette, alias le Traquenard Bar.\u00a0<\/span><\/p>\n<p>Vous trouverez ci-dessous quelques offres que nous proposons au Traquenard Bar :<\/p>\n<ul>\n<li>Repas du samedi midi<\/li>\n<li>Matchs en direct<\/li>\n<li>Anniversaire<\/li>\n<li>et encore pleins d&rsquo;autres choses \ud83d\ude42<\/li>\n<\/ul>\n<p>Vous \u00eates int\u00e9ress\u00e9 \u00e0 organiser un \u00e9v\u00e8nement dans un cadre atypique, contactez-nous \u00e0 l&rsquo;adresse e-mail ci-dessous : <a href=\"mailto:contact@fccoheran.ch\">contact@fccoheran.ch\u00a0<\/a><\/p>\n","protected":false},"excerpt":{"rendered":"<p>Le FC Coheran est connu dans le canton pour ses exploits sur les terrains mais aussi pour son incroyable buvette, alias le Traquenard Bar.\u00a0 Vous trouverez ci-dessous quelques offres que nous proposons au Traquenard Bar : Repas du samedi midi Matchs en direct Anniversaire et encore pleins d&rsquo;autres choses \ud83d\ude42 Vous \u00eates int\u00e9ress\u00e9 \u00e0 organiser [&hellip;]<\/p>\n","protected":false},"author":2,"featured_media":0,"parent":37,"menu_order":65,"comment_status":"closed","ping_status":"closed","template":"full-width-page.php","meta":{"footnotes":""},"class_list":["post-6046","page","type-page","status-publish","hentry"],"_links":{"self":[{"href":"https:\/\/www.fccoheran.ch\/index.php?rest_route=\/wp\/v2\/pages\/6046","targetHints":{"allow":["GET"]}}],"collection":[{"href":"https:\/\/www.fccoheran.ch\/index.php?rest_route=\/wp\/v2\/pages"}],"about":[{"href":"https:\/\/www.fccoheran.ch\/index.php?rest_route=\/wp\/v2\/types\/page"}],"author":[{"embeddable":true,"href":"https:\/\/www.fccoheran.ch\/index.php?rest_route=\/wp\/v2\/users\/2"}],"replies":[{"embeddable":true,"href":"https:\/\/www.fccoheran.ch\/index.php?rest_route=%2Fwp%2Fv2%2Fcomments&post=6046"}],"version-history":[{"count":7,"href":"https:\/\/www.fccoheran.ch\/index.php?rest_route=\/wp\/v2\/pages\/6046\/revisions"}],"predecessor-version":[{"id":7271,"href":"https:\/\/www.fccoheran.ch\/index.php?rest_route=\/wp\/v2\/pages\/6046\/revisions\/7271"}],"up":[{"embeddable":true,"href":"https:\/\/www.fccoheran.ch\/index.php?rest_route=\/wp\/v2\/pages\/37"}],"wp:attachment":[{"href":"https:\/\/www.fccoheran.ch\/index.php?rest_route=%2Fwp%2Fv2%2Fmedia&parent=6046"}],"curies":[{"name":"wp","href":"https:\/\/api.w.org\/{rel}","templated":true}]}}