{"id":919,"date":"2013-06-24T20:54:09","date_gmt":"2013-06-24T20:54:09","guid":{"rendered":"http:\/\/www.fccoheran.ch\/?page_id=919"},"modified":"2026-04-03T12:29:46","modified_gmt":"2026-04-03T12:29:46","slug":"seniors","status":"publish","type":"page","link":"https:\/\/www.fccoheran.ch\/?page_id=919","title":{"rendered":"Seniors"},"content":{"rendered":"<ul>\n<li><strong>Seniors +30<\/strong>\n<ul>\n<li>Entra\u00eeneurs : Chris Miller\u00a0<\/li>\n<li>Email : <a href=\"mailto:contact@fccoheran.ch\">contact@fccoheran.ch<\/a><\/li>\n<li>Jour d\u2019entrainement: Mardi 20h00-21h15<\/li>\n<li><a href=\"https:\/\/matchcenter.acgf.ch\/default.aspx?lng=2&amp;&amp;cxxlnus=1&amp;v=906077&amp;bn=0\">Calendrier des matchs &amp; Classement Saison 2025-2026<\/a><\/li>\n<\/ul>\n<\/li>\n<\/ul>\n<ul>\n<li><strong>Seniors +40<\/strong>\n<ul>\n<li><em>Equipe Promotion<\/em>\n<ul>\n<li>Entra\u00eeneurs : Nicolas Fermont &amp; Leo Lobo<\/li>\n<li>Email : <a href=\"mailto:contact@fccoheran.ch\">contact@fccoheran.ch<\/a><\/li>\n<li>Jour d\u2019entrainement: Lundi 20h00-21h15<\/li>\n<li><a href=\"https:\/\/matchcenter.acgf.ch\/default.aspx?lng=2&amp;&amp;cxxlnus=1&amp;v=906077&amp;bn=0\">Calendrier des matchs &amp; Classement Saison 2025-2026<\/a><\/li>\n<\/ul>\n<\/li>\n<\/ul>\n<\/li>\n<\/ul>\n<ul>\n<li style=\"list-style-type: none;\">\n<ul>\n<li><em>Equipe R\u00e9gional<\/em>\n<ul>\n<li>Entra\u00eeneurs : Jos\u00e9 Etchepareborda \/ Claudio Betti<\/li>\n<li>Email : <a href=\"mailto:contact@fccoheran.ch\">contact@fccoheran.ch<\/a><\/li>\n<li>Jour d\u2019entrainement: Lundi 20h00-21h15<\/li>\n<li><a href=\"https:\/\/matchcenter.acgf.ch\/default.aspx?lng=2&amp;&amp;cxxlnus=1&amp;v=906077&amp;bn=0\">Calendrier des matchs &amp; Classement Saison 2025-2026<\/a><\/li>\n<\/ul>\n<\/li>\n<\/ul>\n<\/li>\n<\/ul>\n\n<div class=\"wp-block-image\">\n<figure class=\"aligncenter size-large\"><a href=\"https:\/\/www.fccoheran.ch\/wp-content\/uploads\/2024\/12\/c1aabd6f-2aeb-4be4-9114-e8ed3ef5eead.jpg\"><img loading=\"lazy\" decoding=\"async\" width=\"1024\" height=\"724\" src=\"https:\/\/www.fccoheran.ch\/wp-content\/uploads\/2024\/12\/c1aabd6f-2aeb-4be4-9114-e8ed3ef5eead-1024x724.jpg\" alt=\"\" class=\"wp-image-7480\" srcset=\"https:\/\/www.fccoheran.ch\/wp-content\/uploads\/2024\/12\/c1aabd6f-2aeb-4be4-9114-e8ed3ef5eead-1024x724.jpg 1024w, https:\/\/www.fccoheran.ch\/wp-content\/uploads\/2024\/12\/c1aabd6f-2aeb-4be4-9114-e8ed3ef5eead-300x212.jpg 300w, https:\/\/www.fccoheran.ch\/wp-content\/uploads\/2024\/12\/c1aabd6f-2aeb-4be4-9114-e8ed3ef5eead-768x543.jpg 768w, https:\/\/www.fccoheran.ch\/wp-content\/uploads\/2024\/12\/c1aabd6f-2aeb-4be4-9114-e8ed3ef5eead-1536x1086.jpg 1536w, https:\/\/www.fccoheran.ch\/wp-content\/uploads\/2024\/12\/c1aabd6f-2aeb-4be4-9114-e8ed3ef5eead.jpg 1600w\" sizes=\"auto, (max-width: 1024px) 100vw, 1024px\" \/><\/a><\/figure>\n<\/div>","protected":false},"excerpt":{"rendered":"<p>Seniors +30 Entra\u00eeneurs : Chris Miller\u00a0 Email : contact@fccoheran.ch Jour d\u2019entrainement: Mardi 20h00-21h15 Calendrier des matchs &amp; Classement Saison 2025-2026 Seniors +40 Equipe Promotion Entra\u00eeneurs : Nicolas Fermont &amp; Leo Lobo Email : contact@fccoheran.ch Jour d\u2019entrainement: Lundi 20h00-21h15 Calendrier des matchs &amp; Classement Saison 2025-2026 Equipe R\u00e9gional Entra\u00eeneurs : Jos\u00e9 Etchepareborda \/ Claudio Betti Email [&hellip;]<\/p>\n","protected":false},"author":2,"featured_media":0,"parent":17,"menu_order":30,"comment_status":"closed","ping_status":"open","template":"","meta":{"footnotes":""},"class_list":["post-919","page","type-page","status-publish","hentry"],"_links":{"self":[{"href":"https:\/\/www.fccoheran.ch\/index.php?rest_route=\/wp\/v2\/pages\/919","targetHints":{"allow":["GET"]}}],"collection":[{"href":"https:\/\/www.fccoheran.ch\/index.php?rest_route=\/wp\/v2\/pages"}],"about":[{"href":"https:\/\/www.fccoheran.ch\/index.php?rest_route=\/wp\/v2\/types\/page"}],"author":[{"embeddable":true,"href":"https:\/\/www.fccoheran.ch\/index.php?rest_route=\/wp\/v2\/users\/2"}],"replies":[{"embeddable":true,"href":"https:\/\/www.fccoheran.ch\/index.php?rest_route=%2Fwp%2Fv2%2Fcomments&post=919"}],"version-history":[{"count":50,"href":"https:\/\/www.fccoheran.ch\/index.php?rest_route=\/wp\/v2\/pages\/919\/revisions"}],"predecessor-version":[{"id":7533,"href":"https:\/\/www.fccoheran.ch\/index.php?rest_route=\/wp\/v2\/pages\/919\/revisions\/7533"}],"up":[{"embeddable":true,"href":"https:\/\/www.fccoheran.ch\/index.php?rest_route=\/wp\/v2\/pages\/17"}],"wp:attachment":[{"href":"https:\/\/www.fccoheran.ch\/index.php?rest_route=%2Fwp%2Fv2%2Fmedia&parent=919"}],"curies":[{"name":"wp","href":"https:\/\/api.w.org\/{rel}","templated":true}]}}